{"id":618,"date":"2024-12-09T23:39:03","date_gmt":"2024-12-09T23:39:03","guid":{"rendered":"https:\/\/dandelioninc.com\/?page_id=618"},"modified":"2025-02-21T19:42:47","modified_gmt":"2025-02-21T19:42:47","slug":"agency","status":"publish","type":"page","link":"https:\/\/dandelioninc.com\/es\/agency\/","title":{"rendered":"Agencia"},"content":{"rendered":"<div data-elementor-type=\"wp-page\" data-elementor-id=\"618\" class=\"elementor elementor-618\" data-elementor-post-type=\"page\">\n\t\t\t\t<div class=\"elementor-element elementor-element-1beeb625 section-padding e-flex e-con-boxed e-con e-parent\" data-id=\"1beeb625\" data-element_type=\"container\" data-e-type=\"container\" data-settings=\"{&quot;background_background&quot;:&quot;classic&quot;}\">\n\t\t\t\t\t<div class=\"e-con-inner\">\n\t\t<div class=\"elementor-element elementor-element-285f1c75 e-con-full e-flex e-con e-child\" data-id=\"285f1c75\" data-element_type=\"container\" data-e-type=\"container\">\n\t\t\t\t<div class=\"elementor-element elementor-element-126f3de5 elementor-invisible elementor-widget elementor-widget-heading\" data-id=\"126f3de5\" data-element_type=\"widget\" data-e-type=\"widget\" data-settings=\"{&quot;_animation&quot;:&quot;fadeIn&quot;}\" data-widget_type=\"heading.default\">\n\t\t\t\t<div class=\"elementor-widget-container\">\n\t\t\t\t\t<h2 class=\"elementor-heading-title elementor-size-default\">Trabajar con roles existentes en la relaci\u00f3n con el anunciante<\/h2>\t\t\t\t<\/div>\n\t\t\t\t<\/div>\n\t\t\t\t<div class=\"elementor-element elementor-element-7d422406 paragraph-top-spacer-small elementor-invisible elementor-widget elementor-widget-heading\" data-id=\"7d422406\" data-element_type=\"widget\" data-e-type=\"widget\" data-settings=\"{&quot;_animation&quot;:&quot;fadeIn&quot;}\" data-widget_type=\"heading.default\">\n\t\t\t\t<div class=\"elementor-widget-container\">\n\t\t\t\t\t<h3 class=\"elementor-heading-title elementor-size-default\">Nuestro objetivo es facilitar una relaci\u00f3n sin fricciones que contribuya al \u00e9xito de nuestros esfuerzos colectivos.<\/h3>\t\t\t\t<\/div>\n\t\t\t\t<\/div>\n\t\t\t\t<\/div>\n\t\t<div class=\"elementor-element elementor-element-77eb9925 e-con-full e-flex e-con e-child\" data-id=\"77eb9925\" data-element_type=\"container\" data-e-type=\"container\">\n\t\t\t\t<div class=\"elementor-element elementor-element-2937b9d4 elementor-invisible elementor-widget elementor-widget-image\" data-id=\"2937b9d4\" data-element_type=\"widget\" data-e-type=\"widget\" data-settings=\"{&quot;_animation&quot;:&quot;fadeIn&quot;}\" data-widget_type=\"image.default\">\n\t\t\t\t<div class=\"elementor-widget-container\">\n\t\t\t\t\t\t\t\t\t\t\t\t\t\t\t<img loading=\"lazy\" decoding=\"async\" width=\"800\" height=\"800\" src=\"https:\/\/dandelioninc.com\/wp-content\/uploads\/2024\/12\/Advertiser-Hero-Image.png\" class=\"attachment-large size-large wp-image-603\" alt=\"Imagen del h\u00e9roe del anunciante\" srcset=\"https:\/\/dandelioninc.com\/wp-content\/uploads\/2024\/12\/Advertiser-Hero-Image.png 1000w, https:\/\/dandelioninc.com\/wp-content\/uploads\/2024\/12\/Advertiser-Hero-Image-300x300.png 300w, https:\/\/dandelioninc.com\/wp-content\/uploads\/2024\/12\/Advertiser-Hero-Image-150x150.png 150w, https:\/\/dandelioninc.com\/wp-content\/uploads\/2024\/12\/Advertiser-Hero-Image-768x768.png 768w, https:\/\/dandelioninc.com\/wp-content\/uploads\/2024\/12\/Advertiser-Hero-Image-12x12.png 12w, https:\/\/dandelioninc.com\/wp-content\/uploads\/2024\/12\/Advertiser-Hero-Image-400x400.png 400w, https:\/\/dandelioninc.com\/wp-content\/uploads\/2024\/12\/Advertiser-Hero-Image-600x600.png 600w\" sizes=\"auto, (max-width: 800px) 100vw, 800px\" \/>\t\t\t\t\t\t\t\t\t\t\t\t\t\t\t<\/div>\n\t\t\t\t<\/div>\n\t\t\t\t<\/div>\n\t\t\t\t\t<\/div>\n\t\t\t\t<\/div>\n\t\t<div class=\"elementor-element elementor-element-71f3fc08 section-padding e-flex e-con-boxed e-con e-parent\" data-id=\"71f3fc08\" data-element_type=\"container\" data-e-type=\"container\">\n\t\t\t\t\t<div class=\"e-con-inner\">\n\t\t<div class=\"elementor-element elementor-element-5c5ed2f3 e-con-full e-flex elementor-invisible e-con e-child\" data-id=\"5c5ed2f3\" data-element_type=\"container\" data-e-type=\"container\" data-settings=\"{&quot;animation&quot;:&quot;slideInUp&quot;}\">\n\t\t\t\t<div class=\"elementor-element elementor-element-98a61f6 descriptor-margin elementor-invisible elementor-widget elementor-widget-heading\" data-id=\"98a61f6\" data-element_type=\"widget\" data-e-type=\"widget\" data-settings=\"{&quot;_animation&quot;:&quot;fadeInUp&quot;}\" data-widget_type=\"heading.default\">\n\t\t\t\t<div class=\"elementor-widget-container\">\n\t\t\t\t\t<h2 class=\"elementor-heading-title elementor-size-default\">Plataformas de tecnolog\u00eda publicitaria<\/h2>\t\t\t\t<\/div>\n\t\t\t\t<\/div>\n\t\t\t\t<div class=\"elementor-element elementor-element-2b964787 elementor-widget-tablet__width-initial elementor-widget__width-initial elementor-invisible elementor-widget elementor-widget-heading\" data-id=\"2b964787\" data-element_type=\"widget\" data-e-type=\"widget\" data-settings=\"{&quot;_animation&quot;:&quot;fadeInUp&quot;}\" data-widget_type=\"heading.default\">\n\t\t\t\t<div class=\"elementor-widget-container\">\n\t\t\t\t\t<h3 class=\"elementor-heading-title elementor-size-default\">Imag\u00ednese el m\u00e1s alto grado de trabajo sin distracciones.<\/h3>\t\t\t\t<\/div>\n\t\t\t\t<\/div>\n\t\t\t\t<div class=\"elementor-element elementor-element-458d9bd9 paragraph-top-spacer-small elementor-invisible elementor-widget elementor-widget-text-editor\" data-id=\"458d9bd9\" data-element_type=\"widget\" data-e-type=\"widget\" data-settings=\"{&quot;_animation&quot;:&quot;fadeInUp&quot;}\" data-widget_type=\"text-editor.default\">\n\t\t\t\t<div class=\"elementor-widget-container\">\n\t\t\t\t\t\t\t\t\t<p>Compartimos un objetivo com\u00fan en lo que respecta al \u00e9xito del cliente: al trabajar juntos para lograr los mismos resultados, podemos eliminar la fricci\u00f3n, redoblar los esfuerzos en el apoyo al cliente y crear una din\u00e1mica ganadora. No nos propusimos crear nuevas reglas o carriles de nataci\u00f3n que todos debieran respetar, sino que ayudamos a aclarar, diferenciar y definir el trabajo en el que ya participaban todos los integrantes del ecosistema de anunciantes. Esto permite que todos los participantes vean, reconozcan y valoren las contribuciones de los dem\u00e1s mientras trabajan en conjunto en lugar de competir.<\/p>\t\t\t\t\t\t\t\t<\/div>\n\t\t\t\t<\/div>\n\t\t\t\t<\/div>\n\t\t<div class=\"elementor-element elementor-element-b9feabd e-con-full container-top-spacer-medium e-flex elementor-invisible e-con e-child\" data-id=\"b9feabd\" data-element_type=\"container\" data-e-type=\"container\" data-settings=\"{&quot;animation&quot;:&quot;slideInUp&quot;}\">\n\t\t\t\t<div class=\"elementor-element elementor-element-76b7803 elementor-widget-tablet__width-initial elementor-widget__width-initial elementor-invisible elementor-widget elementor-widget-heading\" data-id=\"76b7803\" data-element_type=\"widget\" data-e-type=\"widget\" data-settings=\"{&quot;_animation&quot;:&quot;fadeInUp&quot;}\" data-widget_type=\"heading.default\">\n\t\t\t\t<div class=\"elementor-widget-container\">\n\t\t\t\t\t<h3 class=\"elementor-heading-title elementor-size-default\">Trabajamos junto a agencias que pueden:<\/h3>\t\t\t\t<\/div>\n\t\t\t\t<\/div>\n\t\t\t\t<\/div>\n\t\t<div class=\"elementor-element elementor-element-17b96c3e e-con-full e-flex e-con e-child\" data-id=\"17b96c3e\" data-element_type=\"container\" data-e-type=\"container\">\n\t\t<div class=\"elementor-element elementor-element-3280c4b7 e-con-full card-padding e-flex elementor-invisible e-con e-child\" data-id=\"3280c4b7\" data-element_type=\"container\" data-e-type=\"container\" data-settings=\"{&quot;background_background&quot;:&quot;classic&quot;,&quot;animation&quot;:&quot;slideInUp&quot;}\">\n\t\t\t\t<div class=\"elementor-element elementor-element-1827ddff elementor-invisible elementor-widget elementor-widget-image\" data-id=\"1827ddff\" data-element_type=\"widget\" data-e-type=\"widget\" data-settings=\"{&quot;_animation&quot;:&quot;fadeIn&quot;}\" data-widget_type=\"image.default\">\n\t\t\t\t<div class=\"elementor-widget-container\">\n\t\t\t\t\t\t\t\t\t\t\t\t\t\t\t<img loading=\"lazy\" decoding=\"async\" width=\"150\" height=\"150\" src=\"https:\/\/dandelioninc.com\/wp-content\/uploads\/2024\/12\/Planning-Strategy-150x150.png\" class=\"attachment-thumbnail size-thumbnail wp-image-546\" alt=\"\" srcset=\"https:\/\/dandelioninc.com\/wp-content\/uploads\/2024\/12\/Planning-Strategy-150x150.png 150w, https:\/\/dandelioninc.com\/wp-content\/uploads\/2024\/12\/Planning-Strategy-12x12.png 12w, https:\/\/dandelioninc.com\/wp-content\/uploads\/2024\/12\/Planning-Strategy.png 240w\" sizes=\"auto, (max-width: 150px) 100vw, 150px\" \/>\t\t\t\t\t\t\t\t\t\t\t\t\t\t\t<\/div>\n\t\t\t\t<\/div>\n\t\t\t\t<div class=\"elementor-element elementor-element-5626d7e0 elementor-invisible elementor-widget elementor-widget-heading\" data-id=\"5626d7e0\" data-element_type=\"widget\" data-e-type=\"widget\" data-settings=\"{&quot;_animation&quot;:&quot;fadeIn&quot;}\" data-widget_type=\"heading.default\">\n\t\t\t\t<div class=\"elementor-widget-container\">\n\t\t\t\t\t<h3 class=\"elementor-heading-title elementor-size-default\">Proporcionar servicios de planificaci\u00f3n y estrategia a los anunciantes.<\/h3>\t\t\t\t<\/div>\n\t\t\t\t<\/div>\n\t\t\t\t<\/div>\n\t\t<div class=\"elementor-element elementor-element-8462805 e-con-full card-padding e-flex elementor-invisible e-con e-child\" data-id=\"8462805\" data-element_type=\"container\" data-e-type=\"container\" data-settings=\"{&quot;background_background&quot;:&quot;classic&quot;,&quot;animation&quot;:&quot;slideInUp&quot;}\">\n\t\t\t\t<div class=\"elementor-element elementor-element-ddeb8d3 elementor-invisible elementor-widget elementor-widget-image\" data-id=\"ddeb8d3\" data-element_type=\"widget\" data-e-type=\"widget\" data-settings=\"{&quot;_animation&quot;:&quot;fadeIn&quot;}\" data-widget_type=\"image.default\">\n\t\t\t\t<div class=\"elementor-widget-container\">\n\t\t\t\t\t\t\t\t\t\t\t\t\t\t\t<img loading=\"lazy\" decoding=\"async\" width=\"150\" height=\"150\" src=\"https:\/\/dandelioninc.com\/wp-content\/uploads\/2024\/12\/Campaign-Management-150x150.png\" class=\"attachment-thumbnail size-thumbnail wp-image-506\" alt=\"\" srcset=\"https:\/\/dandelioninc.com\/wp-content\/uploads\/2024\/12\/Campaign-Management-150x150.png 150w, https:\/\/dandelioninc.com\/wp-content\/uploads\/2024\/12\/Campaign-Management-12x12.png 12w, https:\/\/dandelioninc.com\/wp-content\/uploads\/2024\/12\/Campaign-Management.png 240w\" sizes=\"auto, (max-width: 150px) 100vw, 150px\" \/>\t\t\t\t\t\t\t\t\t\t\t\t\t\t\t<\/div>\n\t\t\t\t<\/div>\n\t\t\t\t<div class=\"elementor-element elementor-element-ad6feee elementor-invisible elementor-widget elementor-widget-heading\" data-id=\"ad6feee\" data-element_type=\"widget\" data-e-type=\"widget\" data-settings=\"{&quot;_animation&quot;:&quot;fadeIn&quot;}\" data-widget_type=\"heading.default\">\n\t\t\t\t<div class=\"elementor-widget-container\">\n\t\t\t\t\t<h3 class=\"elementor-heading-title elementor-size-default\">Ejecutar la gesti\u00f3n de campa\u00f1as, incluidas las optimizaciones y los informes.<\/h3>\t\t\t\t<\/div>\n\t\t\t\t<\/div>\n\t\t\t\t<\/div>\n\t\t<div class=\"elementor-element elementor-element-3d4da7a e-con-full card-padding e-flex elementor-invisible e-con e-child\" data-id=\"3d4da7a\" data-element_type=\"container\" data-e-type=\"container\" data-settings=\"{&quot;background_background&quot;:&quot;classic&quot;,&quot;animation&quot;:&quot;slideInUp&quot;}\">\n\t\t\t\t<div class=\"elementor-element elementor-element-1fbb3d3 elementor-invisible elementor-widget elementor-widget-image\" data-id=\"1fbb3d3\" data-element_type=\"widget\" data-e-type=\"widget\" data-settings=\"{&quot;_animation&quot;:&quot;fadeIn&quot;}\" data-widget_type=\"image.default\">\n\t\t\t\t<div class=\"elementor-widget-container\">\n\t\t\t\t\t\t\t\t\t\t\t\t\t\t\t<img loading=\"lazy\" decoding=\"async\" width=\"150\" height=\"150\" src=\"https:\/\/dandelioninc.com\/wp-content\/uploads\/2024\/12\/Platform-Access-150x150.png\" class=\"attachment-thumbnail size-thumbnail wp-image-547\" alt=\"\" srcset=\"https:\/\/dandelioninc.com\/wp-content\/uploads\/2024\/12\/Platform-Access-150x150.png 150w, https:\/\/dandelioninc.com\/wp-content\/uploads\/2024\/12\/Platform-Access-12x12.png 12w, https:\/\/dandelioninc.com\/wp-content\/uploads\/2024\/12\/Platform-Access.png 240w\" sizes=\"auto, (max-width: 150px) 100vw, 150px\" \/>\t\t\t\t\t\t\t\t\t\t\t\t\t\t\t<\/div>\n\t\t\t\t<\/div>\n\t\t\t\t<div class=\"elementor-element elementor-element-01ba2c4 elementor-invisible elementor-widget elementor-widget-heading\" data-id=\"01ba2c4\" data-element_type=\"widget\" data-e-type=\"widget\" data-settings=\"{&quot;_animation&quot;:&quot;fadeIn&quot;}\" data-widget_type=\"heading.default\">\n\t\t\t\t<div class=\"elementor-widget-container\">\n\t\t\t\t\t<h3 class=\"elementor-heading-title elementor-size-default\">Poseer y ofrecer acceso acumulativo a las cuentas de la plataforma, u operar dentro de la cuenta de un anunciante<\/h3>\t\t\t\t<\/div>\n\t\t\t\t<\/div>\n\t\t\t\t<\/div>\n\t\t<div class=\"elementor-element elementor-element-bc719bd e-con-full card-padding e-flex elementor-invisible e-con e-child\" data-id=\"bc719bd\" data-element_type=\"container\" data-e-type=\"container\" data-settings=\"{&quot;background_background&quot;:&quot;classic&quot;,&quot;animation&quot;:&quot;slideInUp&quot;}\">\n\t\t\t\t<div class=\"elementor-element elementor-element-c20d205 elementor-invisible elementor-widget elementor-widget-image\" data-id=\"c20d205\" data-element_type=\"widget\" data-e-type=\"widget\" data-settings=\"{&quot;_animation&quot;:&quot;fadeIn&quot;}\" data-widget_type=\"image.default\">\n\t\t\t\t<div class=\"elementor-widget-container\">\n\t\t\t\t\t\t\t\t\t\t\t\t\t\t\t<img loading=\"lazy\" decoding=\"async\" width=\"150\" height=\"150\" src=\"https:\/\/dandelioninc.com\/wp-content\/uploads\/2024\/12\/Campaign-Objectives-150x150.png\" class=\"attachment-thumbnail size-thumbnail wp-image-507\" alt=\"\" srcset=\"https:\/\/dandelioninc.com\/wp-content\/uploads\/2024\/12\/Campaign-Objectives-150x150.png 150w, https:\/\/dandelioninc.com\/wp-content\/uploads\/2024\/12\/Campaign-Objectives-12x12.png 12w, https:\/\/dandelioninc.com\/wp-content\/uploads\/2024\/12\/Campaign-Objectives.png 240w\" sizes=\"auto, (max-width: 150px) 100vw, 150px\" \/>\t\t\t\t\t\t\t\t\t\t\t\t\t\t\t<\/div>\n\t\t\t\t<\/div>\n\t\t\t\t<div class=\"elementor-element elementor-element-6bcfd02 elementor-invisible elementor-widget elementor-widget-heading\" data-id=\"6bcfd02\" data-element_type=\"widget\" data-e-type=\"widget\" data-settings=\"{&quot;_animation&quot;:&quot;fadeIn&quot;}\" data-widget_type=\"heading.default\">\n\t\t\t\t<div class=\"elementor-widget-container\">\n\t\t\t\t\t<h3 class=\"elementor-heading-title elementor-size-default\">Tienen la responsabilidad de cumplir con los objetivos de campa\u00f1a de sus anunciantes.<\/h3>\t\t\t\t<\/div>\n\t\t\t\t<\/div>\n\t\t\t\t<\/div>\n\t\t\t\t<\/div>\n\t\t\t\t\t<\/div>\n\t\t\t\t<\/div>\n\t\t<div class=\"elementor-element elementor-element-7094d076 section-padding e-flex e-con-boxed e-con e-parent\" data-id=\"7094d076\" data-element_type=\"container\" data-e-type=\"container\">\n\t\t\t\t\t<div class=\"e-con-inner\">\n\t\t\t\t\t<\/div>\n\t\t\t\t<\/div>\n\t\t<div class=\"elementor-element elementor-element-20f52156 section-padding-top e-flex e-con-boxed e-con e-parent\" data-id=\"20f52156\" data-element_type=\"container\" data-e-type=\"container\" data-settings=\"{&quot;background_background&quot;:&quot;classic&quot;}\">\n\t\t\t\t\t<div class=\"e-con-inner\">\n\t\t<div class=\"elementor-element elementor-element-4cb276b7 e-con-full e-flex elementor-invisible e-con e-child\" data-id=\"4cb276b7\" data-element_type=\"container\" data-e-type=\"container\" data-settings=\"{&quot;animation&quot;:&quot;slideInUp&quot;}\">\n\t\t\t\t<div class=\"elementor-element elementor-element-38f53b53 descriptor-margin elementor-invisible elementor-widget elementor-widget-heading\" data-id=\"38f53b53\" data-element_type=\"widget\" data-e-type=\"widget\" data-settings=\"{&quot;_animation&quot;:&quot;fadeInUp&quot;}\" data-widget_type=\"heading.default\">\n\t\t\t\t<div class=\"elementor-widget-container\">\n\t\t\t\t\t<h2 class=\"elementor-heading-title elementor-size-default\">Cont\u00e1ctenos<\/h2>\t\t\t\t<\/div>\n\t\t\t\t<\/div>\n\t\t\t\t<div class=\"elementor-element elementor-element-4be14081 elementor-invisible elementor-widget elementor-widget-heading\" data-id=\"4be14081\" data-element_type=\"widget\" data-e-type=\"widget\" data-settings=\"{&quot;_animation&quot;:&quot;fadeInUp&quot;}\" data-widget_type=\"heading.default\">\n\t\t\t\t<div class=\"elementor-widget-container\">\n\t\t\t\t\t<h2 class=\"elementor-heading-title elementor-size-default\">Trabaje con un Licenciante que trabaje con usted.<\/h2>\t\t\t\t<\/div>\n\t\t\t\t<\/div>\n\t\t\t\t<div class=\"elementor-element elementor-element-1e35eb62 custom-button elementor-align-left elementor-invisible elementor-widget elementor-widget-button\" data-id=\"1e35eb62\" data-element_type=\"widget\" data-e-type=\"widget\" data-settings=\"{&quot;_animation&quot;:&quot;fadeInUp&quot;}\" data-widget_type=\"button.default\">\n\t\t\t\t<div class=\"elementor-widget-container\">\n\t\t\t\t\t\t\t\t\t<div class=\"elementor-button-wrapper\">\n\t\t\t\t\t<a class=\"elementor-button elementor-button-link elementor-size-sm\" href=\"https:\/\/dandelioninc.com\/es\/contact\/\">\n\t\t\t\t\t\t<span class=\"elementor-button-content-wrapper\">\n\t\t\t\t\t\t\t\t\t<span class=\"elementor-button-text\">Licencia con Dandelion<\/span>\n\t\t\t\t\t<\/span>\n\t\t\t\t\t<\/a>\n\t\t\t\t<\/div>\n\t\t\t\t\t\t\t\t<\/div>\n\t\t\t\t<\/div>\n\t\t\t\t<\/div>\n\t\t<div class=\"elementor-element elementor-element-3b38709b e-con-full e-flex e-con e-child\" data-id=\"3b38709b\" data-element_type=\"container\" data-e-type=\"container\">\n\t\t\t\t<div class=\"elementor-element elementor-element-3e665805 elementor-hidden-tablet elementor-hidden-mobile elementor-invisible elementor-widget elementor-widget-image\" data-id=\"3e665805\" data-element_type=\"widget\" data-e-type=\"widget\" data-settings=\"{&quot;_animation&quot;:&quot;fadeInUp&quot;}\" data-widget_type=\"image.default\">\n\t\t\t\t<div class=\"elementor-widget-container\">\n\t\t\t\t\t\t\t\t\t\t\t\t\t\t\t<img loading=\"lazy\" decoding=\"async\" width=\"800\" height=\"250\" src=\"https:\/\/dandelioninc.com\/wp-content\/uploads\/2024\/11\/Footer-Desktop-1024x320.png\" class=\"attachment-large size-large wp-image-203\" alt=\"Pie de p\u00e1gina-Escritorio\" srcset=\"https:\/\/dandelioninc.com\/wp-content\/uploads\/2024\/11\/Footer-Desktop-1024x320.png 1024w, https:\/\/dandelioninc.com\/wp-content\/uploads\/2024\/11\/Footer-Desktop-300x94.png 300w, https:\/\/dandelioninc.com\/wp-content\/uploads\/2024\/11\/Footer-Desktop-768x240.png 768w, https:\/\/dandelioninc.com\/wp-content\/uploads\/2024\/11\/Footer-Desktop-1536x480.png 1536w, https:\/\/dandelioninc.com\/wp-content\/uploads\/2024\/11\/Footer-Desktop-2048x640.png 2048w\" sizes=\"auto, (max-width: 800px) 100vw, 800px\" \/>\t\t\t\t\t\t\t\t\t\t\t\t\t\t\t<\/div>\n\t\t\t\t<\/div>\n\t\t\t\t<div class=\"elementor-element elementor-element-714042fa elementor-hidden-desktop elementor-invisible elementor-widget elementor-widget-image\" data-id=\"714042fa\" data-element_type=\"widget\" data-e-type=\"widget\" data-settings=\"{&quot;_animation&quot;:&quot;fadeInUp&quot;}\" data-widget_type=\"image.default\">\n\t\t\t\t<div class=\"elementor-widget-container\">\n\t\t\t\t\t\t\t\t\t\t\t\t\t\t\t<img loading=\"lazy\" decoding=\"async\" width=\"800\" height=\"560\" src=\"https:\/\/dandelioninc.com\/wp-content\/uploads\/2024\/11\/Footer-Mobile-1024x717.png\" class=\"attachment-large size-large wp-image-204\" alt=\"Pie de p\u00e1gina-M\u00f3vil\" srcset=\"https:\/\/dandelioninc.com\/wp-content\/uploads\/2024\/11\/Footer-Mobile-1024x717.png 1024w, https:\/\/dandelioninc.com\/wp-content\/uploads\/2024\/11\/Footer-Mobile-300x210.png 300w, https:\/\/dandelioninc.com\/wp-content\/uploads\/2024\/11\/Footer-Mobile-768x538.png 768w, https:\/\/dandelioninc.com\/wp-content\/uploads\/2024\/11\/Footer-Mobile.png 1228w\" sizes=\"auto, (max-width: 800px) 100vw, 800px\" \/>\t\t\t\t\t\t\t\t\t\t\t\t\t\t\t<\/div>\n\t\t\t\t<\/div>\n\t\t\t\t<\/div>\n\t\t\t\t\t<\/div>\n\t\t\t\t<\/div>\n\t\t\t\t<\/div>","protected":false},"excerpt":{"rendered":"<p>Working with existing roles in the advertiser relationship Our goal is to facilitate a friction-free relationship that will contribute to the success of our collective efforts. Ad Tech Platforms Imagine the highest degree of undistracted work. We share a common goal when it comes to client success \u2014 by working together towards the same outcomes, [&hellip;]<\/p>\n","protected":false},"author":1,"featured_media":1273,"parent":0,"menu_order":0,"comment_status":"closed","ping_status":"closed","template":"","meta":{"_acf_changed":false,"footnotes":""},"folder":[],"class_list":["post-618","page","type-page","status-publish","has-post-thumbnail","hentry"],"acf":[],"_links":{"self":[{"href":"https:\/\/dandelioninc.com\/es\/wp-json\/wp\/v2\/pages\/618","targetHints":{"allow":["GET"]}}],"collection":[{"href":"https:\/\/dandelioninc.com\/es\/wp-json\/wp\/v2\/pages"}],"about":[{"href":"https:\/\/dandelioninc.com\/es\/wp-json\/wp\/v2\/types\/page"}],"author":[{"embeddable":true,"href":"https:\/\/dandelioninc.com\/es\/wp-json\/wp\/v2\/users\/1"}],"replies":[{"embeddable":true,"href":"https:\/\/dandelioninc.com\/es\/wp-json\/wp\/v2\/comments?post=618"}],"version-history":[{"count":0,"href":"https:\/\/dandelioninc.com\/es\/wp-json\/wp\/v2\/pages\/618\/revisions"}],"wp:featuredmedia":[{"embeddable":true,"href":"https:\/\/dandelioninc.com\/es\/wp-json\/wp\/v2\/media\/1273"}],"wp:attachment":[{"href":"https:\/\/dandelioninc.com\/es\/wp-json\/wp\/v2\/media?parent=618"}],"wp:term":[{"taxonomy":"folder","embeddable":true,"href":"https:\/\/dandelioninc.com\/es\/wp-json\/wp\/v2\/folder?post=618"}],"curies":[{"name":"wp","href":"https:\/\/api.w.org\/{rel}","templated":true}]}}